{"id":112,"date":"2024-09-25T09:00:30","date_gmt":"2024-09-25T09:00:30","guid":{"rendered":"https:\/?page_id=112"},"modified":"2024-09-26T11:45:41","modified_gmt":"2024-09-26T11:45:41","slug":"agb","status":"publish","type":"page","link":"https:\/\/autokanaan.de\/en\/agb\/","title":{"rendered":"Terms and Conditions"},"content":{"rendered":"<div data-elementor-type=\"wp-page\" data-elementor-id=\"112\" class=\"elementor elementor-112\" data-elementor-post-type=\"page\">\n\t\t\t\t<div class=\"elementor-element elementor-element-c5e344b e-flex e-con-boxed e-con e-parent\" data-id=\"c5e344b\" data-element_type=\"container\" data-e-type=\"container\" data-settings=\"{&quot;background_background&quot;:&quot;classic&quot;,&quot;jet_parallax_layout_list&quot;:[]}\">\n\t\t\t\t\t<div class=\"e-con-inner\">\n\t\t\t\t<div class=\"elementor-element elementor-element-97a1079 elementor-widget elementor-widget-heading\" data-id=\"97a1079\" data-element_type=\"widget\" data-e-type=\"widget\" data-widget_type=\"heading.default\">\n\t\t\t\t<div class=\"elementor-widget-container\">\n\t\t\t\t\t<h1 class=\"elementor-heading-title elementor-size-default\">Terms and Conditions<\/h1>\t\t\t\t<\/div>\n\t\t\t\t<\/div>\n\t\t\t\t\t<\/div>\n\t\t\t\t<\/div>\n\t\t<div class=\"elementor-element elementor-element-6fb9161 e-flex e-con-boxed e-con e-parent\" data-id=\"6fb9161\" data-element_type=\"container\" data-e-type=\"container\" data-settings=\"{&quot;jet_parallax_layout_list&quot;:[]}\">\n\t\t\t\t\t<div class=\"e-con-inner\">\n\t\t\t\t<div class=\"elementor-element elementor-element-7d3d843 elementor-widget elementor-widget-text-editor\" data-id=\"7d3d843\" data-element_type=\"widget\" data-e-type=\"widget\" data-widget_type=\"text-editor.default\">\n\t\t\t\t<div class=\"elementor-widget-container\">\n\t\t\t\t\t\t\t\t\t<p><strong>\u00a7\u00a01 Vertragsabschluss<\/strong><br \/>Der K\u00e4ufer ist an die Bestellung bzw. an den Kaufvertrag gebunden, sobald der K\u00e4ufer sie mit seiner Unterschrift best\u00e4tigt hat.<\/p><p><strong><br \/>\u00a7\u00a02 Kaufpreis<\/strong><br \/>Der Preis der Fahrzeuge versteht sich ohne Skonto und sonstige Nachl\u00e4sse incl. der jeweils g\u00fcltigen Mehrwertsteuer (derzeit 19\u00a0%). Zus\u00e4tzlich k\u00f6nnen Kosten f\u00fcr die Auslieferung in 41748 Viersen entstehen. Diese werden separat in H\u00f6he der Aufwendungen in Rechnung gestellt. Bei Mehrausstattungen, Steuer\u00e4nderungen, Modell\u00e4nderungen und starken W\u00e4hrungsschwankungen bleibt eine Preis\u00e4nderung vorbehalten. Im Fall eines Bestellfahrzeuges gew\u00e4hrt der Verk\u00e4ufer keine Preisgarantie. Die Preiserh\u00f6hung darf in diesem Fall nicht mehr als 5\u00a0% des urspr\u00fcnglichen Kaufpreises betragen. Eine Preiserh\u00f6hung ist durch den Verk\u00e4ufer zu belegen.<\/p><p><strong><br \/>\u00a7\u00a03 Zahlungsbedingungen<\/strong><br \/>Die im Kaufvertrag vereinbarten Zahlungen k\u00f6nnen mit schuldbefreiender Wirkung nur auf das angegebene Bankkonto des Verk\u00e4ufers oder an schriftlich Bevollm\u00e4chtigte geleistet werden. Zahlungen werden zuerst auf Spesen, dann auf Zinsen und zuletzt auf Kapital verrechnet.<\/p><p>Der Kaufpreis ist bei \u00dcbergabe des Fahrzeuges und Aush\u00e4ndigung oder \u00dcbersendung der Rechnung zur Zahlung f\u00e4llig. Bei gewerblichem Kauf ist der Kaufpreis 5 Tage vor Rechnungslegung durch den Lieferanten zur Zahlung f\u00e4llig.<\/p><p>Bis zur vollst\u00e4ndigen unwiderruflichen Bezahlung beh\u00e4lt sich der Verk\u00e4ufer vor, den Fahrzeugbrief, bis zur unwiderruflichen Gutschrift auf dem Konto, einzubehalten.<\/p><p><strong><br \/>\u00a7\u00a04 Lieferung und Abnahme<\/strong><br \/>Die Auslieferung des Fahrzeuges erfolgt voraussichtlich zu dem im Kaufvertrag festgelegten Liefertermin. Bei den Lieferzeitangaben handelt es sich um unverbindliche Informationen des Lieferanten, die insbesondere bei im Ausland bestellten Fahrzeugen \u00fcberschritten werden k\u00f6nnen. Unter Umst\u00e4nden kann es dazu kommen, dass die Fahrzeuge nicht lieferbar sind. In diesen F\u00e4llen kann der K\u00e4ufer keinen Schadensersatz oder Erf\u00fcllung verlangen. Wird die Lieferzeit um mehr als 6 Wochen \u00fcberschritten, kann der K\u00e4ufer vom Vertrag zur\u00fccktreten.<\/p><p>H\u00f6here Gewalt oder beim Verk\u00e4ufer oder dessen Lieferanten eintretende Betriebsst\u00f6rungen, die den Verk\u00e4ufer ohne eigenes Verschulden vor\u00fcbergehend daran hindern, das Fahrzeug zum vereinbarten Termin oder innerhalb der vereinbarten Frist zu liefern, ver\u00e4ndern die genannten Termine und Fristen und die Dauer der durch diese Umst\u00e4nde bedingten Leistungsst\u00f6rungen. F\u00fchren entsprechende St\u00f6rungen zu einem Leistungsaufschub von mehr als 4 Monaten, kann der Verk\u00e4ufer vom Vertrag zur\u00fccktreten. Andere R\u00fccktrittsrechte bleiben davon unber\u00fchrt.<\/p><p>Erf\u00fcllungsort ist der Gesch\u00e4ftssitz des Verk\u00e4ufers.<\/p><p>Hat der Verk\u00e4ufer den K\u00e4ufer schriftlich verst\u00e4ndigt, dass das bestellte Fahrzeug zur Abholung bereitsteht, ist der K\u00e4ufer verpflichtet, das Fahrzeug binnen 7 Tagen ab Verst\u00e4ndigung abzuholen. Bleibt der K\u00e4ufer nach Ablauf einer Nachfrist von 7 Tagen weiterhin in Annahmeverzug, kann der Verk\u00e4ufer die vertragliche Leistung ablehnen und vom Vertrag zur\u00fccktreten. Der Verk\u00e4ufer ist berechtigt, Schadensersatz wegen Nichterf\u00fcllung in H\u00f6he von 15\u00a0% des Kaufpreises zu fordern, es sei denn, der K\u00e4ufer kann einen niedrigeren Schadensersatz nachweisen.<\/p><p>Die Beschaffung eines Serviceheftes kann wegen des zeitraubenden Postwegs ins Ausland und wieder zur\u00fcck ca. 4 \u2013 6 Wochen in Anspruch nehmen. Dies gilt auch unter Umst\u00e4nden f\u00fcr Zweitschl\u00fcssel, Radiopass, Masterschl\u00fcssel, Codekarten und so weiter.<\/p><p>Unsere Fahrzeuge werden ohne Zubeh\u00f6r, wie z.\u00a0B. Fu\u00dfmatten, Verbandskasten und Warndreieck verkauft und ausgeliefert.<\/p><p><strong><br \/>\u00a7\u00a05 Garantie<\/strong><br \/>F\u00fcr das Bestehen und die Durchsetzung der Garantieanspr\u00fcche \u00fcbernimmt der Verk\u00e4ufer keine Haftung. F\u00fcr alle Bauteile, die unter die Garantie fallen, ist der Verk\u00e4ufer nicht verantwortlich.<\/p><p><strong><br \/>\u00a7\u00a06 Gew\u00e4hrleistung<\/strong><br \/>Anspr\u00fcche des K\u00e4ufers wegen technischer M\u00e4ngel verj\u00e4hren entsprechend den gesetzlichen Bestimmungen f\u00fcr Neufahrzeuge innerhalb von 2 Jahren, f\u00fcr Gebrauchtfahrzeuge innerhalb von 1 Jahr nach Auslieferung.<\/p><p>Da Gebrauchtfahrzeuge \u00fcberwiegend aus Miet- oder Leasingwagen-Best\u00e4nden bezogen werden, k\u00f6nnen diese u. U. instand gesetzte Unfallsch\u00e4den besitzen, welche dem Verk\u00e4ufer nicht bekannt sind. Sie k\u00f6nnen die Lackierung sowie auch Karosseriearbeiten beinhalten.<\/p><p>F\u00fcr diese F\u00e4lle kann der K\u00e4ufer keinen Schadensersatz, Wandlung oder Wertminderung beanspruchen.<\/p><p>Ist das Fahrzeug m\u00e4ngelbehaftet und kann nachgewiesen werden, dass dieser Mangel vor der Auslieferung durch den Verk\u00e4ufer bestanden hat, so muss der K\u00e4ufer dem Verk\u00e4ufer das Fahrzeug zur Verf\u00fcgung stellen, damit dieser Mangel fachgerecht beseitigt werden kann. Soweit nichts anderes vereinbart, ist das Fahrzeug dort abzugeben, wo es ausgeliefert worden ist. Falls der K\u00e4ufer eine andere Werkstatt beauftragt, besteht kein Anspruch auf Kosten\u00fcbernahme. F\u00fcr die Zeit der Nachbesserung hat der K\u00e4ufer keinen Anspruch auf einen Mietwagen oder Ersatzwagen. Auch die Kosten hierf\u00fcr werden vom Verk\u00e4ufer nicht \u00fcbernommen.<\/p><p>Bei importierten Fahrzeugen aus dem Ausland k\u00f6nnen die Werte der Immission, des Verbrauchs, der Typenklasse, der Leistung, der Ausstattung und die Steuerdaten gegen\u00fcber deutschen Fahrzeugen abweichen.<\/p><p><strong><br \/>\u00a7\u00a07 Eigentumsvorbehalt<\/strong><br \/>Das Fahrzeug bleibt bis zum Ausgleich der dem Verk\u00e4ufer aufgrund des Kaufvertrages zustehenden Forderung Eigentum des Verk\u00e4ufers. Ist der K\u00e4ufer eine juristische Person des \u00f6ffentlichen Rechts, ein \u00f6ffentlich-rechtliches Sonderverm\u00f6gen oder ein Unternehmer, der bei Abschluss des Vertrages in Aus\u00fcbung seiner gewerblichen oder selbstst\u00e4ndigen beruflichen T\u00e4tigkeit handelt. Bleibt der Eigentumsvorbehalt auch bestehen f\u00fcr Forderung des Verk\u00e4ufers gegen den K\u00e4ufer aus der laufenden Gesch\u00e4ftsbeziehung bis zum Ausgleich der im Zusammenhang mit dem Kauf zustehenden Forderung.<\/p><p>W\u00e4hrend der Dauer des Eigentumsvorbehaltes steht das Recht zum Besitz des Fahrzeugbriefes dem Verk\u00e4ufer zu.<\/p><p>Solange der Eigentumsvorbehalt besteht, darf der K\u00e4ufer \u00fcber das Fahrzeug weder verf\u00fcgen noch Dritten verkaufen oder Dritten vertraglich eine Nutzung einr\u00e4umen.<\/p><p>Wird das Fahrzeug w\u00e4hrend der Dauer des Bestehens des Eigentumsvorbehalts gepf\u00e4ndet, so ist der K\u00e4ufer verpflichtet, den Vermittler hiervon sofort durch eingeschriebenen Brief zu benachrichtigen und ihm eine Abschrift des Pf\u00e4ndungsprotokolls und eine eidesstattliche Versicherung zum Zwecke der Intervention zur Verf\u00fcgung zu stellen. Der K\u00e4ufer haftet f\u00fcr alle durch den Verk\u00e4ufer nachgewiesenen Kosten.<\/p><p>W\u00e4hrend der Dauer des Eigentumsvorbehalts ist der K\u00e4ufer verpflichtet, das Fahrzeug in ordnungsgem\u00e4\u00dfem Zustand zu erhalten, die \u00fcblichen Inspektionen turnusgem\u00e4\u00df und etwa erforderlich werdende Reparaturen sofort ausf\u00fchren zu lassen.<\/p><p><strong><br \/>\u00a7\u00a08 R\u00fccktritt \/ Zahlungsverzug<\/strong><br \/>Bei Zahlungsverzug des K\u00e4ufers kann der Verk\u00e4ufer vom Vertrag zur\u00fccktreten. Hat der Verk\u00e4ufer dar\u00fcber hinaus Anspruch auf Schadensersatz statt der Leistung und nimmt er das Fahrzeug wieder an sich, sind Verk\u00e4ufer und K\u00e4ufer dar\u00fcber einig, dass der Verk\u00e4ufer den gew\u00f6hnlichen Verkaufswert des Fahrzeuges im Zeitpunkt der R\u00fccknahme verg\u00fctet. Im Nichteinigungsfall wird der Verkaufswert durch einen \u00f6ffentlich bestellten und vereidigten Sachverst\u00e4ndigen ermittelt. Der K\u00e4ufer tr\u00e4gt s\u00e4mtliche Kosten der R\u00fccknahme und Verwertung des Kaufgegenstandes. Die Verwertungskosten betragen ohne Nachweis 5% des gew\u00f6hnlichen Verkaufswertes. Sie sind h\u00f6her oder niedriger anzusetzen, wenn der Verk\u00e4ufer h\u00f6here oder der K\u00e4ufer niedrigere Kosten nachweist.<\/p><p><strong><br \/>\u00a7\u00a09 Schlussbestimmungen<\/strong><br \/>F\u00fcr s\u00e4mtliche gegenw\u00e4rtigen und zuk\u00fcnftigen Anspr\u00fcche aus der Gesch\u00e4ftsverbindung mit Kaufleuten einschlie\u00dflich Wechsel- und Scheckforderungen ist ausschlie\u00dflicher Gerichtsstand der Sitz des Verk\u00e4ufers.<\/p><p>Der gleiche Gerichtsstand gilt, wenn der K\u00e4ufer keinen allgemeinen Gerichtsstand im Inland hat, nach Vertragsabschluss seinen Wohnsitz oder gew\u00f6hnlichen Aufenthaltsort aus dem Inland verlegt oder seinen Wohnsitz oder gew\u00f6hnlichen Aufenthaltsort zum Zeitpunkt der Klageerhebung nicht bekannt ist. Im \u00dcbrigen gilt bei Anspr\u00fcchen des Verk\u00e4ufers gegen\u00fcber dem K\u00e4ufer dessen Wohnsitz als Gerichtsstand.<\/p><p>Der Verk\u00e4ufer beh\u00e4lt sich vor, diese AGB jederzeit und ohne Nennung von Gr\u00fcnden zu \u00e4ndern.<\/p><p>Sofern eine Bestimmung dieser AGB unwirksam ist, bleiben die \u00fcbrigen Bestimmungen davon unber\u00fchrt. Die unwirksame Bestimmung gilt als durch eine solche ersetzt, die dem Sinn und Zweck der unwirksamen Bestimmung in rechtswirksamer Weise wirtschaftlich am n\u00e4chsten kommt. Gleiches gilt f\u00fcr eventuelle Regelungsl\u00fccken.<\/p>\t\t\t\t\t\t\t\t<\/div>\n\t\t\t\t<\/div>\n\t\t\t\t\t<\/div>\n\t\t\t\t<\/div>\n\t\t\t\t<\/div>","protected":false},"excerpt":{"rendered":"<p>AGB \u00a7\u00a01 VertragsabschlussDer K\u00e4ufer ist an die Bestellung bzw. an den Kaufvertrag gebunden, sobald der K\u00e4ufer sie mit seiner Unterschrift best\u00e4tigt hat. \u00a7\u00a02 KaufpreisDer Preis der Fahrzeuge versteht sich ohne Skonto und sonstige Nachl\u00e4sse incl. der jeweils g\u00fcltigen Mehrwertsteuer (derzeit 19\u00a0%). Zus\u00e4tzlich k\u00f6nnen Kosten f\u00fcr die Auslieferung in 41748 Viersen entstehen. Diese werden separat in [&hellip;]<\/p>\n","protected":false},"author":1,"featured_media":0,"parent":0,"menu_order":0,"comment_status":"closed","ping_status":"closed","template":"","meta":{"footnotes":""},"class_list":["post-112","page","type-page","status-publish","hentry"],"yoast_head":"<!-- This site is optimized with the Yoast SEO plugin v27.3 - https:\/\/yoast.com\/product\/yoast-seo-wordpress\/ -->\n<title>AGB - Autohaus Kanaan<\/title>\n<meta name=\"robots\" content=\"index, follow, max-snippet:-1, max-image-preview:large, max-video-preview:-1\" \/>\n<link rel=\"canonical\" href=\"https:\/\/autokanaan.de\/en\/agb\/\" \/>\n<meta property=\"og:locale\" content=\"en_GB\" \/>\n<meta property=\"og:type\" content=\"article\" \/>\n<meta property=\"og:title\" content=\"AGB - Autohaus Kanaan\" \/>\n<meta property=\"og:description\" content=\"AGB \u00a7\u00a01 VertragsabschlussDer K\u00e4ufer ist an die Bestellung bzw. an den Kaufvertrag gebunden, sobald der K\u00e4ufer sie mit seiner Unterschrift best\u00e4tigt hat. \u00a7\u00a02 KaufpreisDer Preis der Fahrzeuge versteht sich ohne Skonto und sonstige Nachl\u00e4sse incl. der jeweils g\u00fcltigen Mehrwertsteuer (derzeit 19\u00a0%). Zus\u00e4tzlich k\u00f6nnen Kosten f\u00fcr die Auslieferung in 41748 Viersen entstehen. Diese werden separat in [&hellip;]\" \/>\n<meta property=\"og:url\" content=\"https:\/\/autokanaan.de\/en\/agb\/\" \/>\n<meta property=\"og:site_name\" content=\"Autohaus Kanaan\" \/>\n<meta property=\"article:publisher\" content=\"https:\/\/www.facebook.com\/AutoKanaan\/?locale=de_DE\" \/>\n<meta property=\"article:modified_time\" content=\"2024-09-26T11:45:41+00:00\" \/>\n<meta property=\"og:image\" content=\"https:\/\/autokanaan.de\/wp-content\/uploads\/2025\/11\/Kanaan-Yoast-Titelbild.png\" \/>\n\t<meta property=\"og:image:width\" content=\"1200\" \/>\n\t<meta property=\"og:image:height\" content=\"675\" \/>\n\t<meta property=\"og:image:type\" content=\"image\/png\" \/>\n<meta name=\"twitter:card\" content=\"summary_large_image\" \/>\n<meta name=\"twitter:label1\" content=\"Estimated reading time\" \/>\n\t<meta name=\"twitter:data1\" content=\"7 minutes\" \/>\n<script type=\"application\/ld+json\" class=\"yoast-schema-graph\">{\"@context\":\"https:\\\/\\\/schema.org\",\"@graph\":[{\"@type\":\"WebPage\",\"@id\":\"https:\\\/\\\/autokanaan.de\\\/agb\\\/\",\"url\":\"https:\\\/\\\/autokanaan.de\\\/agb\\\/\",\"name\":\"AGB - Autohaus Kanaan\",\"isPartOf\":{\"@id\":\"https:\\\/\\\/autokanaan.de\\\/#website\"},\"datePublished\":\"2024-09-25T09:00:30+00:00\",\"dateModified\":\"2024-09-26T11:45:41+00:00\",\"breadcrumb\":{\"@id\":\"https:\\\/\\\/autokanaan.de\\\/agb\\\/#breadcrumb\"},\"inLanguage\":\"en-GB\",\"potentialAction\":[{\"@type\":\"ReadAction\",\"target\":[\"https:\\\/\\\/autokanaan.de\\\/agb\\\/\"]}]},{\"@type\":\"BreadcrumbList\",\"@id\":\"https:\\\/\\\/autokanaan.de\\\/agb\\\/#breadcrumb\",\"itemListElement\":[{\"@type\":\"ListItem\",\"position\":1,\"name\":\"Startseite\",\"item\":\"https:\\\/\\\/autokanaan.de\\\/\"},{\"@type\":\"ListItem\",\"position\":2,\"name\":\"AGB\"}]},{\"@type\":\"WebSite\",\"@id\":\"https:\\\/\\\/autokanaan.de\\\/#website\",\"url\":\"https:\\\/\\\/autokanaan.de\\\/\",\"name\":\"Autohaus Kanaan\",\"description\":\"Seit \u00fcber 30 Jahren Ihr zuverl\u00e4ssiger Partner, wenn \u0301s um Fahrzeuge geht.\",\"publisher\":{\"@id\":\"https:\\\/\\\/autokanaan.de\\\/#organization\"},\"alternateName\":\"Autohaus Kanaan\",\"potentialAction\":[{\"@type\":\"SearchAction\",\"target\":{\"@type\":\"EntryPoint\",\"urlTemplate\":\"https:\\\/\\\/autokanaan.de\\\/?s={search_term_string}\"},\"query-input\":{\"@type\":\"PropertyValueSpecification\",\"valueRequired\":true,\"valueName\":\"search_term_string\"}}],\"inLanguage\":\"en-GB\"},{\"@type\":\"Organization\",\"@id\":\"https:\\\/\\\/autokanaan.de\\\/#organization\",\"name\":\"Autohaus Kanaan\",\"alternateName\":\"Autohaus Kanaan\",\"url\":\"https:\\\/\\\/autokanaan.de\\\/\",\"logo\":{\"@type\":\"ImageObject\",\"inLanguage\":\"en-GB\",\"@id\":\"https:\\\/\\\/autokanaan.de\\\/#\\\/schema\\\/logo\\\/image\\\/\",\"url\":\"https:\\\/\\\/autokanaan.de\\\/wp-content\\\/uploads\\\/2025\\\/11\\\/Quadrat-Yoast-SEO-Bild.png\",\"contentUrl\":\"https:\\\/\\\/autokanaan.de\\\/wp-content\\\/uploads\\\/2025\\\/11\\\/Quadrat-Yoast-SEO-Bild.png\",\"width\":800,\"height\":800,\"caption\":\"Autohaus Kanaan\"},\"image\":{\"@id\":\"https:\\\/\\\/autokanaan.de\\\/#\\\/schema\\\/logo\\\/image\\\/\"},\"sameAs\":[\"https:\\\/\\\/www.facebook.com\\\/AutoKanaan\\\/?locale=de_DE\",\"https:\\\/\\\/www.instagram.com\\\/kanaanmobileandtrucks\\\/\"]}]}<\/script>\n<!-- \/ Yoast SEO plugin. -->","yoast_head_json":{"title":"AGB - Autohaus Kanaan","robots":{"index":"index","follow":"follow","max-snippet":"max-snippet:-1","max-image-preview":"max-image-preview:large","max-video-preview":"max-video-preview:-1"},"canonical":"https:\/\/autokanaan.de\/en\/agb\/","og_locale":"en_GB","og_type":"article","og_title":"AGB - Autohaus Kanaan","og_description":"AGB \u00a7\u00a01 VertragsabschlussDer K\u00e4ufer ist an die Bestellung bzw. an den Kaufvertrag gebunden, sobald der K\u00e4ufer sie mit seiner Unterschrift best\u00e4tigt hat. \u00a7\u00a02 KaufpreisDer Preis der Fahrzeuge versteht sich ohne Skonto und sonstige Nachl\u00e4sse incl. der jeweils g\u00fcltigen Mehrwertsteuer (derzeit 19\u00a0%). Zus\u00e4tzlich k\u00f6nnen Kosten f\u00fcr die Auslieferung in 41748 Viersen entstehen. Diese werden separat in [&hellip;]","og_url":"https:\/\/autokanaan.de\/en\/agb\/","og_site_name":"Autohaus Kanaan","article_publisher":"https:\/\/www.facebook.com\/AutoKanaan\/?locale=de_DE","article_modified_time":"2024-09-26T11:45:41+00:00","og_image":[{"width":1200,"height":675,"url":"https:\/\/autokanaan.de\/wp-content\/uploads\/2025\/11\/Kanaan-Yoast-Titelbild.png","type":"image\/png"}],"twitter_card":"summary_large_image","twitter_misc":{"Estimated reading time":"7 minutes"},"schema":{"@context":"https:\/\/schema.org","@graph":[{"@type":"WebPage","@id":"https:\/\/autokanaan.de\/agb\/","url":"https:\/\/autokanaan.de\/agb\/","name":"AGB - Autohaus Kanaan","isPartOf":{"@id":"https:\/\/autokanaan.de\/#website"},"datePublished":"2024-09-25T09:00:30+00:00","dateModified":"2024-09-26T11:45:41+00:00","breadcrumb":{"@id":"https:\/\/autokanaan.de\/agb\/#breadcrumb"},"inLanguage":"en-GB","potentialAction":[{"@type":"ReadAction","target":["https:\/\/autokanaan.de\/agb\/"]}]},{"@type":"BreadcrumbList","@id":"https:\/\/autokanaan.de\/agb\/#breadcrumb","itemListElement":[{"@type":"ListItem","position":1,"name":"Startseite","item":"https:\/\/autokanaan.de\/"},{"@type":"ListItem","position":2,"name":"AGB"}]},{"@type":"WebSite","@id":"https:\/\/autokanaan.de\/#website","url":"https:\/\/autokanaan.de\/","name":"Autohaus Kanaan","description":"Seit \u00fcber 30 Jahren Ihr zuverl\u00e4ssiger Partner, wenn \u0301s um Fahrzeuge geht.","publisher":{"@id":"https:\/\/autokanaan.de\/#organization"},"alternateName":"Autohaus Kanaan","potentialAction":[{"@type":"SearchAction","target":{"@type":"EntryPoint","urlTemplate":"https:\/\/autokanaan.de\/?s={search_term_string}"},"query-input":{"@type":"PropertyValueSpecification","valueRequired":true,"valueName":"search_term_string"}}],"inLanguage":"en-GB"},{"@type":"Organization","@id":"https:\/\/autokanaan.de\/#organization","name":"Autohaus Kanaan","alternateName":"Autohaus Kanaan","url":"https:\/\/autokanaan.de\/","logo":{"@type":"ImageObject","inLanguage":"en-GB","@id":"https:\/\/autokanaan.de\/#\/schema\/logo\/image\/","url":"https:\/\/autokanaan.de\/wp-content\/uploads\/2025\/11\/Quadrat-Yoast-SEO-Bild.png","contentUrl":"https:\/\/autokanaan.de\/wp-content\/uploads\/2025\/11\/Quadrat-Yoast-SEO-Bild.png","width":800,"height":800,"caption":"Autohaus Kanaan"},"image":{"@id":"https:\/\/autokanaan.de\/#\/schema\/logo\/image\/"},"sameAs":["https:\/\/www.facebook.com\/AutoKanaan\/?locale=de_DE","https:\/\/www.instagram.com\/kanaanmobileandtrucks\/"]}]}},"_links":{"self":[{"href":"https:\/\/autokanaan.de\/en\/wp-json\/wp\/v2\/pages\/112","targetHints":{"allow":["GET"]}}],"collection":[{"href":"https:\/\/autokanaan.de\/en\/wp-json\/wp\/v2\/pages"}],"about":[{"href":"https:\/\/autokanaan.de\/en\/wp-json\/wp\/v2\/types\/page"}],"author":[{"embeddable":true,"href":"https:\/\/autokanaan.de\/en\/wp-json\/wp\/v2\/users\/1"}],"replies":[{"embeddable":true,"href":"https:\/\/autokanaan.de\/en\/wp-json\/wp\/v2\/comments?post=112"}],"version-history":[{"count":13,"href":"https:\/\/autokanaan.de\/en\/wp-json\/wp\/v2\/pages\/112\/revisions"}],"predecessor-version":[{"id":154,"href":"https:\/\/autokanaan.de\/en\/wp-json\/wp\/v2\/pages\/112\/revisions\/154"}],"wp:attachment":[{"href":"https:\/\/autokanaan.de\/en\/wp-json\/wp\/v2\/media?parent=112"}],"curies":[{"name":"wp","href":"https:\/\/api.w.org\/{rel}","templated":true}]}}