{"id":117,"date":"2024-09-25T09:21:59","date_gmt":"2024-09-25T09:21:59","guid":{"rendered":"https:\/?page_id=117"},"modified":"2024-09-26T11:44:13","modified_gmt":"2024-09-26T11:44:13","slug":"datenschutz","status":"publish","type":"page","link":"https:\/\/autokanaan.de\/en\/datenschutz\/","title":{"rendered":"data protection"},"content":{"rendered":"<div data-elementor-type=\"wp-page\" data-elementor-id=\"117\" class=\"elementor elementor-117\" data-elementor-post-type=\"page\">\n\t\t\t\t<div class=\"elementor-element elementor-element-d7cc52f e-flex e-con-boxed e-con e-parent\" data-id=\"d7cc52f\" data-element_type=\"container\" data-e-type=\"container\" data-settings=\"{&quot;background_background&quot;:&quot;classic&quot;,&quot;jet_parallax_layout_list&quot;:[]}\">\n\t\t\t\t\t<div class=\"e-con-inner\">\n\t\t\t\t<div class=\"elementor-element elementor-element-a718ed8 elementor-widget elementor-widget-heading\" data-id=\"a718ed8\" data-element_type=\"widget\" data-e-type=\"widget\" data-widget_type=\"heading.default\">\n\t\t\t\t<div class=\"elementor-widget-container\">\n\t\t\t\t\t<h1 class=\"elementor-heading-title elementor-size-default\">data protection<\/h1>\t\t\t\t<\/div>\n\t\t\t\t<\/div>\n\t\t\t\t\t<\/div>\n\t\t\t\t<\/div>\n\t\t<div class=\"elementor-element elementor-element-6fb9161 e-flex e-con-boxed e-con e-parent\" data-id=\"6fb9161\" data-element_type=\"container\" data-e-type=\"container\" data-settings=\"{&quot;jet_parallax_layout_list&quot;:[]}\">\n\t\t\t\t\t<div class=\"e-con-inner\">\n\t\t\t\t<div class=\"elementor-element elementor-element-7d3d843 elementor-widget elementor-widget-text-editor\" data-id=\"7d3d843\" data-element_type=\"widget\" data-e-type=\"widget\" data-widget_type=\"text-editor.default\">\n\t\t\t\t<div class=\"elementor-widget-container\">\n\t\t\t\t\t\t\t\t\t<p>Verantwortliche Stelle im Sinne der Datenschutzgesetze, insbesondere der EU-Datenschutzgrundverordnung (DSGVO), ist:<\/p><p>Kanaan Mobile &amp; Trucks GmbH<br \/><span style=\"color: var( --e-global-color-a329257 ); font-family: var( --e-global-typography-text-font-family ), Sans-serif; font-weight: var( --e-global-typography-text-font-weight ); text-align: var(--text-align); background-color: var( --e-global-color-9816731 ); font-size: 1rem;\">Kr\u00e4nkelsweg 20<br \/><\/span><span style=\"color: var( --e-global-color-a329257 ); font-family: var( --e-global-typography-text-font-family ), Sans-serif; font-weight: var( --e-global-typography-text-font-weight ); text-align: var(--text-align); background-color: var( --e-global-color-9816731 ); font-size: 1rem;\">41748 Viersen<\/span><\/p><p><strong>Ihre Betroffenenrechte<\/strong><\/p><ul><li>Unter den angegebenen Kontaktdaten unseres Datenschutzbeauftragten k\u00f6nnen Sie jederzeit folgende Rechte aus\u00fcben:<\/li><li>Auskunft \u00fcber Ihre bei uns gespeicherten Daten und deren Verarbeitung,<\/li><li>Berichtigung unrichtiger personenbezogener Daten,<\/li><li>L\u00f6schung Ihrer bei uns gespeicherten Daten,<\/li><li>Einschr\u00e4nkung der Datenverarbeitung, sofern wir Ihre Daten aufgrund gesetzlicher Pflichten noch nicht l\u00f6schen d\u00fcrfen,<\/li><li>Widerspruch gegen die Verarbeitung Ihrer Daten bei uns und<\/li><li>Daten\u00fcbertragbarkeit, sofern Sie in die Datenverarbeitung eingewilligt haben oder einen Vertrag mit uns abgeschlossen haben<\/li><\/ul><p><br \/>Sofern Sie uns eine Einwilligung erteilt haben, k\u00f6nnen Sie diese jederzeit mit Wirkung f\u00fcr die Zukunft widerrufen.<\/p><p>Sie k\u00f6nnen sich jederzeit mit einer Beschwerde an die f\u00fcr Sie zust\u00e4ndige Aufsichtsbeh\u00f6rde wenden. Ihre zust\u00e4ndige Aufsichtsbeh\u00f6rde richtet sich nach dem Bundesland, Ihres Wohnsitzes, Ihrer Arbeit oder der mutma\u00dflichen Verletzung. Eine Liste der Aufsichtsbeh\u00f6rden (f\u00fcr den nicht\u00f6ffentlichen Bereich) mit Anschrift finden Sie unter: https:\/\/www.bfdi.bund.de\/DE\/Infothek\/Anschriften_Links\/anschriften_links-node.html.<\/p><p><strong>Zwecke der Datenverarbeitung durch die verantwortliche Stelle und Dritte<\/strong><\/p><p>Wir verarbeiten Ihre personenbezogenen Daten nur zu den in dieser Datenschutzerkl\u00e4rung genannten Zwecken. Eine \u00dcbermittlung Ihrer pers\u00f6nlichen Daten an Dritte zu anderen als den genannten Zwecken findet nicht statt. Wir geben Ihre pers\u00f6nlichen Daten nur an Dritte weiter, wenn:<\/p><ul><li>Sie Ihre ausdr\u00fcckliche Einwilligung dazu erteilt haben,<\/li><li>die Verarbeitung zur Abwicklung eines Vertrags mit Ihnen erforderlich ist,<\/li><li>die Verarbeitung zur Erf\u00fcllung einer rechtlichen Verpflichtung erforderlich ist,<\/li><\/ul><p><br \/>Die Verarbeitung zur Wahrung berechtigter Interessen erforderlich ist und kein Grund zur Annahme besteht, dass Sie ein \u00fcberwiegendes schutzw\u00fcrdiges Interesse an der Nichtweitergabe Ihrer Daten haben.<\/p><p>L\u00f6schung bzw. Sperrung der Daten<\/p><p>Wir halten uns an die Grunds\u00e4tze der Datenvermeidung und Datensparsamkeit. Wir speichern Ihre personenbezogenen Daten daher nur so lange, wie dies zur Erreichung der hier genannten Zwecke erforderlich ist oder wie es die vom Gesetzgeber vorgesehenen vielf\u00e4ltigen Speicherfristen vorsehen. Nach Fortfall des jeweiligen Zweckes bzw. Ablauf dieser Fristen werden die entsprechenden Daten routinem\u00e4\u00dfig und entsprechend den gesetzlichen Vorschriften gesperrt oder gel\u00f6scht.<\/p><p>Erfassung allgemeiner Informationen beim Besuch unserer Website<\/p><p>Wenn Sie auf unsere Website zugreifen, werden automatisch mittels eines Cookies Informationen allgemeiner Natur erfasst. Diese Informationen (Server-Logfiles) beinhalten etwa die Art des Webbrowsers, das verwendete Betriebssystem, den Domainnamen Ihres Internet-Service-Providers und \u00e4hnliches. Hierbei handelt es sich ausschlie\u00dflich um Informationen, welche keine R\u00fcckschl\u00fcsse auf Ihre Person zulassen.<\/p><p>Diese Informationen sind technisch notwendig, um von Ihnen angeforderte Inhalte von Webseiten korrekt auszuliefern und fallen bei Nutzung des Internets zwingend an. Sie werden insbesondere zu folgenden Zwecken verarbeitet:<\/p><ul><li>Sicherstellung eines problemlosen Verbindungsaufbaus der Website,<\/li><li>Sicherstellung einer reibungslosen Nutzung unserer Website,<\/li><li>Auswertung der Systemsicherheit und -stabilit\u00e4t sowie<\/li><li>zu weiteren administrativen Zwecken.<\/li><\/ul><p><br \/>Die Verarbeitung Ihrer personenbezogenen Daten basiert auf unserem berechtigten Interesse aus den vorgenannten Zwecken zur Datenerhebung. Wir verwenden Ihre Daten nicht, um R\u00fcckschl\u00fcsse auf Ihre Person zu ziehen. Empf\u00e4nger der Daten sind nur die verantwortliche Stelle und ggf. Auftragsverarbeiter.<\/p><p>Anonyme Informationen dieser Art werden von uns ggf. statistisch ausgewertet, um unseren Internetauftritt und die dahinterstehende Technik zu optimieren.<\/p><p><strong>SSL-Verschl\u00fcsselung<\/strong><\/p><p>Um die Sicherheit Ihrer Daten bei der \u00dcbertragung zu sch\u00fctzen, verwenden wir dem aktuellen Stand der Technik entsprechende Verschl\u00fcsselungsverfahren (z. B. SSL) \u00fcber HTTPS.<\/p><p><strong>Kontaktaufnahme<\/strong><\/p><p>Treten Sie bzgl. Fragen jeglicher Art per E-Mail oder Kontaktformular mit uns in Kontakt, erteilen Sie uns zum Zwecke der Kontaktaufnahme Ihre freiwillige Einwilligung. Hierf\u00fcr ist die Angabe einer validen E-Mail-Adresse erforderlich. Diese dient der Zuordnung der Anfrage und der anschlie\u00dfenden Beantwortung derselben. Die Angabe weiterer Daten ist optional. Die von Ihnen gemachten Angaben werden zum Zwecke der Bearbeitung der Anfrage sowie f\u00fcr m\u00f6gliche Anschlussfragen gespeichert. Nach Erledigung der von Ihnen gestellten Anfrage werden personenbezogene Daten automatisch gel\u00f6scht.<\/p><p><strong>Verwendung von Scriptbibliotheken (Google Webfonts)<\/strong><\/p><p>Um unsere Inhalte browser\u00fcbergreifend korrekt und grafisch ansprechend darzustellen, verwenden wir auf dieser Website Scriptbibliotheken und Schriftbibliotheken wie z. B. Google Webfonts (https:\/\/www.google.com\/webfonts\/). Google Webfonts werden zur Vermeidung mehrfachen Ladens in den Cache Ihres Browsers \u00fcbertragen. Falls der Browser die Google Webfonts nicht unterst\u00fctzt oder den Zugriff unterbindet, werden Inhalte in einer Standardschrift angezeigt.<\/p><p>Der Aufruf von Scriptbibliotheken oder Schriftbibliotheken l\u00f6st automatisch eine Verbindung zum Betreiber der Bibliothek aus. Dabei ist es theoretisch m\u00f6glich \u2013 aktuell allerdings auch unklar, ob und ggf. zu welchen Zwecken \u2013 dass Betreiber entsprechender Bibliotheken Daten erheben.<\/p><p>Die Datenschutzrichtlinie des Bibliotheksbetreibers Google finden Sie hier: <a href=\"https:\/\/www.google.com\/policies\/privacy\/\">https:\/\/www.google.com\/policies\/privacy\/<\/a><\/p><p><strong>Verwendung von Google Maps<\/strong><\/p><p>Diese Webseite verwendet Google Maps API, um geografische Informationen visuell darzustellen. Bei der Nutzung von Google Maps werden von Google auch Daten \u00fcber die Nutzung der Kartenfunktionen durch Besucher erhoben, verarbeitet und genutzt. N\u00e4here Informationen \u00fcber die Datenverarbeitung durch Google k\u00f6nnen Sie den Google-Datenschutzhinweisen entnehmen. Dort k\u00f6nnen Sie im Datenschutzcenter auch Ihre pers\u00f6nlichen Datenschutz-Einstellungen ver\u00e4ndern.<\/p><p>Ausf\u00fchrliche Anleitungen zur Verwaltung der eigenen Daten im Zusammenhang mit Google-Produkten finden Sie hier.<\/p><p><strong>Eingebettete YouTube-Videos<\/strong><\/p><p>Auf einigen unserer Webseiten betten wir YouTube-Videos ein. Betreiber der entsprechenden Plugins ist die YouTube, LLC, 901 Cherry Ave., San Bruno, CA. 94066, USA. Wenn Sie eine Seite mit dem YouTube-Plugin besuchen, wird eine Verbindung zu Servern von YouTube hergestellt. Dabei wird YouTube mitgeteilt, welche Seiten Sie besuchen. Wenn Sie in Ihrem YouTube-Account eingeloggt sind, kann YouTube Ihr Surfverhalten Ihnen pers\u00f6nlich zuzuordnen. Dies verhindern Sie, indem Sie sich vorher aus Ihrem YouTube-Account ausloggen.<\/p><p>Wird ein YouTube-Video gestartet, setzt der Anbieter Cookies ein, die Hinweise \u00fcber das Nutzerverhalten sammeln.<\/p><p>Wer das Speichern von Cookies f\u00fcr das Google-Ad-Programm deaktiviert hat, wird auch beim Anschauen von YouTube-Videos mit keinen solchen Cookies rechnen m\u00fcssen. YouTube legt aber auch in anderen Cookies nicht-personenbezogene Nutzungsinformationen ab. M\u00f6chten Sie dies verhindern, so m\u00fcssen Sie das Speichern von Cookies im Browser blockieren.<\/p><p>\u00a0<\/p><p>Weitere Informationen zum Datenschutz bei \u201eYouTube\u201c finden Sie in der Datenschutzerkl\u00e4rung des Anbieters unter: <a href=\"https:\/\/www.google.de\/intl\/de\/policies\/privacy\/\">https:\/\/www.google.de\/intl\/de\/policies\/privacy\/<\/a><\/p><p><strong>Einbindung der Autosuche von der mobile.de GmbH<\/strong><\/p><p>Auf unseren Seiten ist ein Link oder Plugin\/iFrame zum Online-Fahrzeugmarkt mobile.de GmbH, Albert-Einstein-Ring 2\u20136, 14532 Kleinmachnow-Dreilinden, Deutschland integriert. Wir nutzen die mobile.de-Schnittstelle um unsere zum Verkauf angebotenen Fahrzeuge (Inserate) auf unserer Seite oder auf der Seite des Online-Fahrzeugmarktes anzubieten. Wenn Sie unsere Seiten besuchen, wird \u00fcber eine direkte Verbindung zwischen Ihrem Browser und dem mobile.de-Server hergestellt. mobile.de erh\u00e4lt dadurch die Information, dass Sie mit Ihrer IP-Adresse unsere Seite besucht haben. Wenn Sie den mobile.de Plugin\/iFrame anklicken w\u00e4hrend Sie in Ihrem mobile.de-Account eingeloggt sind, kann mobile.de ggf. den Besuch unserer Seiten Ihrem Benutzerkonto zuordnen. Die Nutzung der von der mobile.de GmbH bereitgestellten Gebrauchtwagensuche erfolgt im Interesse einer einheitlichen und ansprechenden Darstellung und vereinfachten Nutzbarkeit unserer Online-Angebote. Dies stellt ein berechtigtes Interesse im Sinne von Art. 6 Abs. 1 lit. f DSGVO dar.<\/p><p>Wir weisen darauf hin, dass die Dateneingabe- und Verarbeitung auf der im iFrame dargestellten Website au\u00dferhalb seines Einflussbereiches liegt und die Verantwortung zur Einhaltung der Richtlinien der DSGVO damit dem Betreiber der eingebundenen Website unterliegt.<\/p><p>Weitere Informationen hierzu finden Sie in der Datenschutzerkl\u00e4rung von mobile.de unter <a href=\"https:\/\/www.mobile.de\/service\/privacyPolicy?lang=de\">https:\/\/www.mobile.de\/service\/privacyPolicy?lang=de<\/a><\/p><p><strong>\u00c4nderung unserer Datenschutzbestimmungen<\/strong><\/p><p>Wir behalten uns vor, diese Datenschutzerkl\u00e4rung anzupassen, damit sie stets den aktuellen rechtlichen Anforderungen entspricht oder um \u00c4nderungen unserer Leistungen in der Datenschutzerkl\u00e4rung umzusetzen, z. B. bei der Einf\u00fchrung neuer Services. F\u00fcr Ihren erneuten Besuch gilt dann die neue Datenschutzerkl\u00e4rung.<\/p><p><strong>Fragen an den Datenschutzbeauftragten<\/strong><\/p><p>Wenn Sie Fragen zum Datenschutz haben, schreiben Sie uns bitte eine E-Mail oder wenden Sie sich direkt an die f\u00fcr den Datenschutz verantwortliche Person in unserer Organisation:<\/p><p>info@autokanaan.de<\/p>\t\t\t\t\t\t\t\t<\/div>\n\t\t\t\t<\/div>\n\t\t\t\t\t<\/div>\n\t\t\t\t<\/div>\n\t\t\t\t<\/div>","protected":false},"excerpt":{"rendered":"<p>Datenschutz Verantwortliche Stelle im Sinne der Datenschutzgesetze, insbesondere der EU-Datenschutzgrundverordnung (DSGVO), ist: Kanaan Mobile &amp; Trucks GmbHKr\u00e4nkelsweg 2041748 Viersen Ihre Betroffenenrechte Unter den angegebenen Kontaktdaten unseres Datenschutzbeauftragten k\u00f6nnen Sie jederzeit folgende Rechte aus\u00fcben: Auskunft \u00fcber Ihre bei uns gespeicherten Daten und deren Verarbeitung, Berichtigung unrichtiger personenbezogener Daten, L\u00f6schung Ihrer bei uns gespeicherten Daten, Einschr\u00e4nkung der [&hellip;]<\/p>\n","protected":false},"author":1,"featured_media":0,"parent":0,"menu_order":0,"comment_status":"closed","ping_status":"closed","template":"","meta":{"footnotes":""},"class_list":["post-117","page","type-page","status-publish","hentry"],"yoast_head":"<!-- This site is optimized with the Yoast SEO plugin v27.3 - https:\/\/yoast.com\/product\/yoast-seo-wordpress\/ -->\n<title>Datenschutz - Autohaus Kanaan<\/title>\n<meta name=\"robots\" content=\"index, follow, max-snippet:-1, max-image-preview:large, max-video-preview:-1\" \/>\n<link rel=\"canonical\" href=\"https:\/\/autokanaan.de\/en\/datenschutz\/\" \/>\n<meta property=\"og:locale\" content=\"en_GB\" \/>\n<meta property=\"og:type\" content=\"article\" \/>\n<meta property=\"og:title\" content=\"Datenschutz - Autohaus Kanaan\" \/>\n<meta property=\"og:description\" content=\"Datenschutz Verantwortliche Stelle im Sinne der Datenschutzgesetze, insbesondere der EU-Datenschutzgrundverordnung (DSGVO), ist: Kanaan Mobile &amp; Trucks GmbHKr\u00e4nkelsweg 2041748 Viersen Ihre Betroffenenrechte Unter den angegebenen Kontaktdaten unseres Datenschutzbeauftragten k\u00f6nnen Sie jederzeit folgende Rechte aus\u00fcben: Auskunft \u00fcber Ihre bei uns gespeicherten Daten und deren Verarbeitung, Berichtigung unrichtiger personenbezogener Daten, L\u00f6schung Ihrer bei uns gespeicherten Daten, Einschr\u00e4nkung der [&hellip;]\" \/>\n<meta property=\"og:url\" content=\"https:\/\/autokanaan.de\/en\/datenschutz\/\" \/>\n<meta property=\"og:site_name\" content=\"Autohaus Kanaan\" \/>\n<meta property=\"article:publisher\" content=\"https:\/\/www.facebook.com\/AutoKanaan\/?locale=de_DE\" \/>\n<meta property=\"article:modified_time\" content=\"2024-09-26T11:44:13+00:00\" \/>\n<meta property=\"og:image\" content=\"https:\/\/autokanaan.de\/wp-content\/uploads\/2025\/11\/Kanaan-Yoast-Titelbild.png\" \/>\n\t<meta property=\"og:image:width\" content=\"1200\" \/>\n\t<meta property=\"og:image:height\" content=\"675\" \/>\n\t<meta property=\"og:image:type\" content=\"image\/png\" \/>\n<meta name=\"twitter:card\" content=\"summary_large_image\" \/>\n<meta name=\"twitter:label1\" content=\"Estimated reading time\" \/>\n\t<meta name=\"twitter:data1\" content=\"7 minutes\" \/>\n<script type=\"application\/ld+json\" class=\"yoast-schema-graph\">{\"@context\":\"https:\\\/\\\/schema.org\",\"@graph\":[{\"@type\":\"WebPage\",\"@id\":\"https:\\\/\\\/autokanaan.de\\\/fr\\\/datenschutz\\\/\",\"url\":\"https:\\\/\\\/autokanaan.de\\\/fr\\\/datenschutz\\\/\",\"name\":\"Datenschutz - Autohaus Kanaan\",\"isPartOf\":{\"@id\":\"https:\\\/\\\/autokanaan.de\\\/#website\"},\"datePublished\":\"2024-09-25T09:21:59+00:00\",\"dateModified\":\"2024-09-26T11:44:13+00:00\",\"breadcrumb\":{\"@id\":\"https:\\\/\\\/autokanaan.de\\\/fr\\\/datenschutz\\\/#breadcrumb\"},\"inLanguage\":\"en-GB\",\"potentialAction\":[{\"@type\":\"ReadAction\",\"target\":[\"https:\\\/\\\/autokanaan.de\\\/fr\\\/datenschutz\\\/\"]}]},{\"@type\":\"BreadcrumbList\",\"@id\":\"https:\\\/\\\/autokanaan.de\\\/fr\\\/datenschutz\\\/#breadcrumb\",\"itemListElement\":[{\"@type\":\"ListItem\",\"position\":1,\"name\":\"Startseite\",\"item\":\"https:\\\/\\\/autokanaan.de\\\/\"},{\"@type\":\"ListItem\",\"position\":2,\"name\":\"Datenschutz\"}]},{\"@type\":\"WebSite\",\"@id\":\"https:\\\/\\\/autokanaan.de\\\/#website\",\"url\":\"https:\\\/\\\/autokanaan.de\\\/\",\"name\":\"Autohaus Kanaan\",\"description\":\"Seit \u00fcber 30 Jahren Ihr zuverl\u00e4ssiger Partner, wenn \u0301s um Fahrzeuge geht.\",\"publisher\":{\"@id\":\"https:\\\/\\\/autokanaan.de\\\/#organization\"},\"alternateName\":\"Autohaus Kanaan\",\"potentialAction\":[{\"@type\":\"SearchAction\",\"target\":{\"@type\":\"EntryPoint\",\"urlTemplate\":\"https:\\\/\\\/autokanaan.de\\\/?s={search_term_string}\"},\"query-input\":{\"@type\":\"PropertyValueSpecification\",\"valueRequired\":true,\"valueName\":\"search_term_string\"}}],\"inLanguage\":\"en-GB\"},{\"@type\":\"Organization\",\"@id\":\"https:\\\/\\\/autokanaan.de\\\/#organization\",\"name\":\"Autohaus Kanaan\",\"alternateName\":\"Autohaus Kanaan\",\"url\":\"https:\\\/\\\/autokanaan.de\\\/\",\"logo\":{\"@type\":\"ImageObject\",\"inLanguage\":\"en-GB\",\"@id\":\"https:\\\/\\\/autokanaan.de\\\/#\\\/schema\\\/logo\\\/image\\\/\",\"url\":\"https:\\\/\\\/autokanaan.de\\\/wp-content\\\/uploads\\\/2025\\\/11\\\/Quadrat-Yoast-SEO-Bild.png\",\"contentUrl\":\"https:\\\/\\\/autokanaan.de\\\/wp-content\\\/uploads\\\/2025\\\/11\\\/Quadrat-Yoast-SEO-Bild.png\",\"width\":800,\"height\":800,\"caption\":\"Autohaus Kanaan\"},\"image\":{\"@id\":\"https:\\\/\\\/autokanaan.de\\\/#\\\/schema\\\/logo\\\/image\\\/\"},\"sameAs\":[\"https:\\\/\\\/www.facebook.com\\\/AutoKanaan\\\/?locale=de_DE\",\"https:\\\/\\\/www.instagram.com\\\/kanaanmobileandtrucks\\\/\"]}]}<\/script>\n<!-- \/ Yoast SEO plugin. -->","yoast_head_json":{"title":"Datenschutz - Autohaus Kanaan","robots":{"index":"index","follow":"follow","max-snippet":"max-snippet:-1","max-image-preview":"max-image-preview:large","max-video-preview":"max-video-preview:-1"},"canonical":"https:\/\/autokanaan.de\/en\/datenschutz\/","og_locale":"en_GB","og_type":"article","og_title":"Datenschutz - Autohaus Kanaan","og_description":"Datenschutz Verantwortliche Stelle im Sinne der Datenschutzgesetze, insbesondere der EU-Datenschutzgrundverordnung (DSGVO), ist: Kanaan Mobile &amp; Trucks GmbHKr\u00e4nkelsweg 2041748 Viersen Ihre Betroffenenrechte Unter den angegebenen Kontaktdaten unseres Datenschutzbeauftragten k\u00f6nnen Sie jederzeit folgende Rechte aus\u00fcben: Auskunft \u00fcber Ihre bei uns gespeicherten Daten und deren Verarbeitung, Berichtigung unrichtiger personenbezogener Daten, L\u00f6schung Ihrer bei uns gespeicherten Daten, Einschr\u00e4nkung der [&hellip;]","og_url":"https:\/\/autokanaan.de\/en\/datenschutz\/","og_site_name":"Autohaus Kanaan","article_publisher":"https:\/\/www.facebook.com\/AutoKanaan\/?locale=de_DE","article_modified_time":"2024-09-26T11:44:13+00:00","og_image":[{"width":1200,"height":675,"url":"https:\/\/autokanaan.de\/wp-content\/uploads\/2025\/11\/Kanaan-Yoast-Titelbild.png","type":"image\/png"}],"twitter_card":"summary_large_image","twitter_misc":{"Estimated reading time":"7 minutes"},"schema":{"@context":"https:\/\/schema.org","@graph":[{"@type":"WebPage","@id":"https:\/\/autokanaan.de\/fr\/datenschutz\/","url":"https:\/\/autokanaan.de\/fr\/datenschutz\/","name":"Datenschutz - Autohaus Kanaan","isPartOf":{"@id":"https:\/\/autokanaan.de\/#website"},"datePublished":"2024-09-25T09:21:59+00:00","dateModified":"2024-09-26T11:44:13+00:00","breadcrumb":{"@id":"https:\/\/autokanaan.de\/fr\/datenschutz\/#breadcrumb"},"inLanguage":"en-GB","potentialAction":[{"@type":"ReadAction","target":["https:\/\/autokanaan.de\/fr\/datenschutz\/"]}]},{"@type":"BreadcrumbList","@id":"https:\/\/autokanaan.de\/fr\/datenschutz\/#breadcrumb","itemListElement":[{"@type":"ListItem","position":1,"name":"Startseite","item":"https:\/\/autokanaan.de\/"},{"@type":"ListItem","position":2,"name":"Datenschutz"}]},{"@type":"WebSite","@id":"https:\/\/autokanaan.de\/#website","url":"https:\/\/autokanaan.de\/","name":"Autohaus Kanaan","description":"Seit \u00fcber 30 Jahren Ihr zuverl\u00e4ssiger Partner, wenn \u0301s um Fahrzeuge geht.","publisher":{"@id":"https:\/\/autokanaan.de\/#organization"},"alternateName":"Autohaus Kanaan","potentialAction":[{"@type":"SearchAction","target":{"@type":"EntryPoint","urlTemplate":"https:\/\/autokanaan.de\/?s={search_term_string}"},"query-input":{"@type":"PropertyValueSpecification","valueRequired":true,"valueName":"search_term_string"}}],"inLanguage":"en-GB"},{"@type":"Organization","@id":"https:\/\/autokanaan.de\/#organization","name":"Autohaus Kanaan","alternateName":"Autohaus Kanaan","url":"https:\/\/autokanaan.de\/","logo":{"@type":"ImageObject","inLanguage":"en-GB","@id":"https:\/\/autokanaan.de\/#\/schema\/logo\/image\/","url":"https:\/\/autokanaan.de\/wp-content\/uploads\/2025\/11\/Quadrat-Yoast-SEO-Bild.png","contentUrl":"https:\/\/autokanaan.de\/wp-content\/uploads\/2025\/11\/Quadrat-Yoast-SEO-Bild.png","width":800,"height":800,"caption":"Autohaus Kanaan"},"image":{"@id":"https:\/\/autokanaan.de\/#\/schema\/logo\/image\/"},"sameAs":["https:\/\/www.facebook.com\/AutoKanaan\/?locale=de_DE","https:\/\/www.instagram.com\/kanaanmobileandtrucks\/"]}]}},"_links":{"self":[{"href":"https:\/\/autokanaan.de\/en\/wp-json\/wp\/v2\/pages\/117","targetHints":{"allow":["GET"]}}],"collection":[{"href":"https:\/\/autokanaan.de\/en\/wp-json\/wp\/v2\/pages"}],"about":[{"href":"https:\/\/autokanaan.de\/en\/wp-json\/wp\/v2\/types\/page"}],"author":[{"embeddable":true,"href":"https:\/\/autokanaan.de\/en\/wp-json\/wp\/v2\/users\/1"}],"replies":[{"embeddable":true,"href":"https:\/\/autokanaan.de\/en\/wp-json\/wp\/v2\/comments?post=117"}],"version-history":[{"count":14,"href":"https:\/\/autokanaan.de\/en\/wp-json\/wp\/v2\/pages\/117\/revisions"}],"predecessor-version":[{"id":148,"href":"https:\/\/autokanaan.de\/en\/wp-json\/wp\/v2\/pages\/117\/revisions\/148"}],"wp:attachment":[{"href":"https:\/\/autokanaan.de\/en\/wp-json\/wp\/v2\/media?parent=117"}],"curies":[{"name":"wp","href":"https:\/\/api.w.org\/{rel}","templated":true}]}}