{"id":107,"date":"2024-09-25T08:44:25","date_gmt":"2024-09-25T08:44:25","guid":{"rendered":"https:\/?page_id=107"},"modified":"2026-02-05T13:23:18","modified_gmt":"2026-02-05T13:23:18","slug":"impressum","status":"publish","type":"page","link":"https:\/\/autokanaan.de\/fr\/impressum\/","title":{"rendered":"imprimer"},"content":{"rendered":"<div data-elementor-type=\"wp-page\" data-elementor-id=\"107\" class=\"elementor elementor-107\" data-elementor-post-type=\"page\">\n\t\t\t\t<div class=\"elementor-element elementor-element-2f79f13 e-flex e-con-boxed e-con e-parent\" data-id=\"2f79f13\" data-element_type=\"container\" data-e-type=\"container\" data-settings=\"{&quot;background_background&quot;:&quot;classic&quot;,&quot;jet_parallax_layout_list&quot;:[]}\">\n\t\t\t\t\t<div class=\"e-con-inner\">\n\t\t\t\t<div class=\"elementor-element elementor-element-ef1157c elementor-widget elementor-widget-heading\" data-id=\"ef1157c\" data-element_type=\"widget\" data-e-type=\"widget\" data-widget_type=\"heading.default\">\n\t\t\t\t<div class=\"elementor-widget-container\">\n\t\t\t\t\t<h1 class=\"elementor-heading-title elementor-size-default\">imprimer<\/h1>\t\t\t\t<\/div>\n\t\t\t\t<\/div>\n\t\t\t\t\t<\/div>\n\t\t\t\t<\/div>\n\t\t<div class=\"elementor-element elementor-element-6fb9161 e-flex e-con-boxed e-con e-parent\" data-id=\"6fb9161\" data-element_type=\"container\" data-e-type=\"container\" data-settings=\"{&quot;jet_parallax_layout_list&quot;:[]}\">\n\t\t\t\t\t<div class=\"e-con-inner\">\n\t\t\t\t<div class=\"elementor-element elementor-element-7d3d843 elementor-widget elementor-widget-text-editor\" data-id=\"7d3d843\" data-element_type=\"widget\" data-e-type=\"widget\" data-widget_type=\"text-editor.default\">\n\t\t\t\t<div class=\"elementor-widget-container\">\n\t\t\t\t\t\t\t\t\t<p><strong>Kanaan Mobile &amp; Trucks GmbH<\/strong><\/p><p>Chemin de la Croix 20<br \/><span style=\"color: var( --e-global-color-a329257 ); font-family: var( --e-global-typography-text-font-family ), Sans-serif; font-weight: var( --e-global-typography-text-font-weight ); text-align: var(--text-align); background-color: var( --e-global-color-9816731 ); font-size: 1rem;\">41748 Viersen<\/span><\/p><p>Telefon: +49(0)2162 \/ 266 47 80<br \/><span style=\"color: var( --e-global-color-a329257 ); font-family: var( --e-global-typography-text-font-family ), Sans-serif; font-weight: var( --e-global-typography-text-font-weight ); text-align: var(--text-align); background-color: var( --e-global-color-9816731 ); font-size: 1rem;\">Fax: +49(0)2162 \/ 266 47 89<br \/><\/span><span style=\"color: var( --e-global-color-a329257 ); font-family: var( --e-global-typography-text-font-family ), Sans-serif; font-weight: var( --e-global-typography-text-font-weight ); text-align: var(--text-align); background-color: var( --e-global-color-9816731 ); font-size: 1rem;\">E-Mail: info@autokanaan.de<\/span><\/p><p>HRB 16033, Amtsgericht M\u00f6nchengladbach<br \/><span style=\"color: var( --e-global-color-a329257 ); font-family: var( --e-global-typography-text-font-family ), Sans-serif; font-weight: var( --e-global-typography-text-font-weight ); text-align: var(--text-align); background-color: var( --e-global-color-9816731 ); font-size: 1rem;\">ID-Nr.: DE 294576435<br \/><\/span>Gesch\u00e4ftsf\u00fchrer: Ayad Kanaan, Ehab Kanaan<\/p><p><strong>Haftung f\u00fcr Inhalte<\/strong><\/p><p>Die Inhalte unserer Seiten wurden mit gr\u00f6\u00dfter Sorgfalt erstellt. F\u00fcr die Richtigkeit, Vollst\u00e4ndigkeit und Aktualit\u00e4t der Inhalte k\u00f6nnen wir jedoch keine Gew\u00e4hr \u00fcbernehmen. Als Diensteanbieter sind wir gem\u00e4\u00df \u00a7 7 Abs.1 TMG f\u00fcr eigene Inhalte auf diesen Seiten nach den allgemeinen Gesetzen verantwortlich. Nach \u00a7\u00a7 8 bis 10 TMG sind wir als Diensteanbieter jedoch nicht verpflichtet, \u00fcbermittelte oder gespeicherte fremde Informationen zu \u00fcberwachen oder nach Umst\u00e4nden zu forschen, die auf eine rechtswidrige T\u00e4tigkeit hinweisen. Verpflichtungen zur Entfernung oder Sperrung der Nutzung von Informationen nach den allgemeinen Gesetzen bleiben hiervon unber\u00fchrt. Eine diesbez\u00fcgliche Haftung ist jedoch erst ab dem Zeitpunkt der Kenntnis einer konkreten Rechtsverletzung m\u00f6glich. Bei Bekanntwerden von entsprechenden Rechtsverletzungen werden wir diese Inhalte umgehend entfernen.<\/p><p><strong>Haftung f\u00fcr Links<\/strong><\/p><p>Unser Angebot enth\u00e4lt Links zu externen Webseiten Dritter, auf deren Inhalte wir keinen Einfluss haben. Deshalb k\u00f6nnen wir f\u00fcr diese fremden Inhalte auch keine Gew\u00e4hr \u00fcbernehmen. F\u00fcr die Inhalte der verlinkten Seiten ist stets der jeweilige Anbieter oder Betreiber der Seiten verantwortlich. Die verlinkten Seiten wurden zum Zeitpunkt der Verlinkung auf m\u00f6gliche Rechtsverst\u00f6\u00dfe \u00fcberpr\u00fcft. Rechtswidrige Inhalte waren zum Zeitpunkt der Verlinkung nicht erkennbar. Eine permanente inhaltliche Kontrolle der verlinkten Seiten ist jedoch ohne konkrete Anhaltspunkte einer Rechtsverletzung nicht zumutbar. Bei Bekanntwerden von Rechtsverletzungen werden wir derartige Links umgehend entfernen.<\/p><p><strong>Urheberrecht<\/strong><\/p><p>Die durch die Seitenbetreiber erstellten Inhalte und Werke auf diesen Seiten unterliegen dem deutschen Urheberrecht. Die Vervielf\u00e4ltigung, Bearbeitung, Verbreitung und jede Art der Verwertung au\u00dferhalb der Grenzen des Urheberrechtes bed\u00fcrfen der schriftlichen Zustimmung des jeweiligen Autors bzw. Erstellers. Downloads und Kopien dieser Seite sind nur f\u00fcr den privaten, nicht kommerziellen Gebrauch gestattet. Soweit die Inhalte auf dieser Seite nicht vom Betreiber erstellt wurden, werden die Urheberrechte Dritter beachtet. Insbesondere werden Inhalte Dritter als solche gekennzeichnet. Sollten Sie trotzdem auf eine Urheberrechtsverletzung aufmerksam werden, bitten wir um einen entsprechenden Hinweis. Bei Bekanntwerden von Rechtsverletzungen werden wir derartige Inhalte umgehend entfernen.<\/p><p><strong>Konzeption Webdesign<\/strong><\/p><p><a href=\"http:\/\/weis.digital\">weis.digital<\/a><\/p>\t\t\t\t\t\t\t\t<\/div>\n\t\t\t\t<\/div>\n\t\t\t\t\t<\/div>\n\t\t\t\t<\/div>\n\t\t\t\t<\/div>","protected":false},"excerpt":{"rendered":"<p>Impressum Kanaan Mobile &amp; Trucks GmbH Kr\u00e4nkelsweg 2041748 Viersen Telefon: +49(0)2162 \/ 266 47 80Fax: +49(0)2162 \/ 266 47 89E-Mail: info@autokanaan.de HRB 16033, Amtsgericht M\u00f6nchengladbachID-Nr.: DE 294576435Gesch\u00e4ftsf\u00fchrer: Ayad Kanaan, Ehab Kanaan Haftung f\u00fcr Inhalte Die Inhalte unserer Seiten wurden mit gr\u00f6\u00dfter Sorgfalt erstellt. F\u00fcr die Richtigkeit, Vollst\u00e4ndigkeit und Aktualit\u00e4t der Inhalte k\u00f6nnen wir jedoch keine [&hellip;]<\/p>\n","protected":false},"author":1,"featured_media":0,"parent":0,"menu_order":0,"comment_status":"closed","ping_status":"closed","template":"","meta":{"footnotes":""},"class_list":["post-107","page","type-page","status-publish","hentry"],"yoast_head":"<!-- This site is optimized with the Yoast SEO plugin v27.3 - https:\/\/yoast.com\/product\/yoast-seo-wordpress\/ -->\n<title>Impressum - Autohaus Kanaan<\/title>\n<meta name=\"robots\" content=\"index, follow, max-snippet:-1, max-image-preview:large, max-video-preview:-1\" \/>\n<link rel=\"canonical\" href=\"https:\/\/autokanaan.de\/fr\/impressum\/\" \/>\n<meta property=\"og:locale\" content=\"fr_FR\" \/>\n<meta property=\"og:type\" content=\"article\" \/>\n<meta property=\"og:title\" content=\"Impressum - Autohaus Kanaan\" \/>\n<meta property=\"og:description\" content=\"Impressum Kanaan Mobile &amp; Trucks GmbH Kr\u00e4nkelsweg 2041748 Viersen Telefon: +49(0)2162 \/ 266 47 80Fax: +49(0)2162 \/ 266 47 89E-Mail: info@autokanaan.de HRB 16033, Amtsgericht M\u00f6nchengladbachID-Nr.: DE 294576435Gesch\u00e4ftsf\u00fchrer: Ayad Kanaan, Ehab Kanaan Haftung f\u00fcr Inhalte Die Inhalte unserer Seiten wurden mit gr\u00f6\u00dfter Sorgfalt erstellt. F\u00fcr die Richtigkeit, Vollst\u00e4ndigkeit und Aktualit\u00e4t der Inhalte k\u00f6nnen wir jedoch keine [&hellip;]\" \/>\n<meta property=\"og:url\" content=\"https:\/\/autokanaan.de\/fr\/impressum\/\" \/>\n<meta property=\"og:site_name\" content=\"Autohaus Kanaan\" \/>\n<meta property=\"article:publisher\" content=\"https:\/\/www.facebook.com\/AutoKanaan\/?locale=de_DE\" \/>\n<meta property=\"article:modified_time\" content=\"2026-02-05T13:23:18+00:00\" \/>\n<meta property=\"og:image\" content=\"https:\/\/autokanaan.de\/wp-content\/uploads\/2025\/11\/Kanaan-Yoast-Titelbild.png\" \/>\n\t<meta property=\"og:image:width\" content=\"1200\" \/>\n\t<meta property=\"og:image:height\" content=\"675\" \/>\n\t<meta property=\"og:image:type\" content=\"image\/png\" \/>\n<meta name=\"twitter:card\" content=\"summary_large_image\" \/>\n<meta name=\"twitter:label1\" content=\"Dur\u00e9e de lecture estim\u00e9e\" \/>\n\t<meta name=\"twitter:data1\" content=\"2 minutes\" \/>\n<script type=\"application\/ld+json\" class=\"yoast-schema-graph\">{\"@context\":\"https:\\\/\\\/schema.org\",\"@graph\":[{\"@type\":\"WebPage\",\"@id\":\"https:\\\/\\\/autokanaan.de\\\/impressum\\\/\",\"url\":\"https:\\\/\\\/autokanaan.de\\\/impressum\\\/\",\"name\":\"Impressum - Autohaus Kanaan\",\"isPartOf\":{\"@id\":\"https:\\\/\\\/autokanaan.de\\\/#website\"},\"datePublished\":\"2024-09-25T08:44:25+00:00\",\"dateModified\":\"2026-02-05T13:23:18+00:00\",\"breadcrumb\":{\"@id\":\"https:\\\/\\\/autokanaan.de\\\/impressum\\\/#breadcrumb\"},\"inLanguage\":\"fr-FR\",\"potentialAction\":[{\"@type\":\"ReadAction\",\"target\":[\"https:\\\/\\\/autokanaan.de\\\/impressum\\\/\"]}]},{\"@type\":\"BreadcrumbList\",\"@id\":\"https:\\\/\\\/autokanaan.de\\\/impressum\\\/#breadcrumb\",\"itemListElement\":[{\"@type\":\"ListItem\",\"position\":1,\"name\":\"Startseite\",\"item\":\"https:\\\/\\\/autokanaan.de\\\/\"},{\"@type\":\"ListItem\",\"position\":2,\"name\":\"Impressum\"}]},{\"@type\":\"WebSite\",\"@id\":\"https:\\\/\\\/autokanaan.de\\\/#website\",\"url\":\"https:\\\/\\\/autokanaan.de\\\/\",\"name\":\"Autohaus Kanaan\",\"description\":\"Seit \u00fcber 30 Jahren Ihr zuverl\u00e4ssiger Partner, wenn \u0301s um Fahrzeuge geht.\",\"publisher\":{\"@id\":\"https:\\\/\\\/autokanaan.de\\\/#organization\"},\"alternateName\":\"Autohaus Kanaan\",\"potentialAction\":[{\"@type\":\"SearchAction\",\"target\":{\"@type\":\"EntryPoint\",\"urlTemplate\":\"https:\\\/\\\/autokanaan.de\\\/?s={search_term_string}\"},\"query-input\":{\"@type\":\"PropertyValueSpecification\",\"valueRequired\":true,\"valueName\":\"search_term_string\"}}],\"inLanguage\":\"fr-FR\"},{\"@type\":\"Organization\",\"@id\":\"https:\\\/\\\/autokanaan.de\\\/#organization\",\"name\":\"Autohaus Kanaan\",\"alternateName\":\"Autohaus Kanaan\",\"url\":\"https:\\\/\\\/autokanaan.de\\\/\",\"logo\":{\"@type\":\"ImageObject\",\"inLanguage\":\"fr-FR\",\"@id\":\"https:\\\/\\\/autokanaan.de\\\/#\\\/schema\\\/logo\\\/image\\\/\",\"url\":\"https:\\\/\\\/autokanaan.de\\\/wp-content\\\/uploads\\\/2025\\\/11\\\/Quadrat-Yoast-SEO-Bild.png\",\"contentUrl\":\"https:\\\/\\\/autokanaan.de\\\/wp-content\\\/uploads\\\/2025\\\/11\\\/Quadrat-Yoast-SEO-Bild.png\",\"width\":800,\"height\":800,\"caption\":\"Autohaus Kanaan\"},\"image\":{\"@id\":\"https:\\\/\\\/autokanaan.de\\\/#\\\/schema\\\/logo\\\/image\\\/\"},\"sameAs\":[\"https:\\\/\\\/www.facebook.com\\\/AutoKanaan\\\/?locale=de_DE\",\"https:\\\/\\\/www.instagram.com\\\/kanaanmobileandtrucks\\\/\"]}]}<\/script>\n<!-- \/ Yoast SEO plugin. -->","yoast_head_json":{"title":"Impressum - Autohaus Kanaan","robots":{"index":"index","follow":"follow","max-snippet":"max-snippet:-1","max-image-preview":"max-image-preview:large","max-video-preview":"max-video-preview:-1"},"canonical":"https:\/\/autokanaan.de\/fr\/impressum\/","og_locale":"fr_FR","og_type":"article","og_title":"Impressum - Autohaus Kanaan","og_description":"Impressum Kanaan Mobile &amp; Trucks GmbH Kr\u00e4nkelsweg 2041748 Viersen Telefon: +49(0)2162 \/ 266 47 80Fax: +49(0)2162 \/ 266 47 89E-Mail: info@autokanaan.de HRB 16033, Amtsgericht M\u00f6nchengladbachID-Nr.: DE 294576435Gesch\u00e4ftsf\u00fchrer: Ayad Kanaan, Ehab Kanaan Haftung f\u00fcr Inhalte Die Inhalte unserer Seiten wurden mit gr\u00f6\u00dfter Sorgfalt erstellt. F\u00fcr die Richtigkeit, Vollst\u00e4ndigkeit und Aktualit\u00e4t der Inhalte k\u00f6nnen wir jedoch keine [&hellip;]","og_url":"https:\/\/autokanaan.de\/fr\/impressum\/","og_site_name":"Autohaus Kanaan","article_publisher":"https:\/\/www.facebook.com\/AutoKanaan\/?locale=de_DE","article_modified_time":"2026-02-05T13:23:18+00:00","og_image":[{"width":1200,"height":675,"url":"https:\/\/autokanaan.de\/wp-content\/uploads\/2025\/11\/Kanaan-Yoast-Titelbild.png","type":"image\/png"}],"twitter_card":"summary_large_image","twitter_misc":{"Dur\u00e9e de lecture estim\u00e9e":"2 minutes"},"schema":{"@context":"https:\/\/schema.org","@graph":[{"@type":"WebPage","@id":"https:\/\/autokanaan.de\/impressum\/","url":"https:\/\/autokanaan.de\/impressum\/","name":"Impressum - Autohaus Kanaan","isPartOf":{"@id":"https:\/\/autokanaan.de\/#website"},"datePublished":"2024-09-25T08:44:25+00:00","dateModified":"2026-02-05T13:23:18+00:00","breadcrumb":{"@id":"https:\/\/autokanaan.de\/impressum\/#breadcrumb"},"inLanguage":"fr-FR","potentialAction":[{"@type":"ReadAction","target":["https:\/\/autokanaan.de\/impressum\/"]}]},{"@type":"BreadcrumbList","@id":"https:\/\/autokanaan.de\/impressum\/#breadcrumb","itemListElement":[{"@type":"ListItem","position":1,"name":"Startseite","item":"https:\/\/autokanaan.de\/"},{"@type":"ListItem","position":2,"name":"Impressum"}]},{"@type":"WebSite","@id":"https:\/\/autokanaan.de\/#website","url":"https:\/\/autokanaan.de\/","name":"Autohaus Kanaan","description":"Seit \u00fcber 30 Jahren Ihr zuverl\u00e4ssiger Partner, wenn \u0301s um Fahrzeuge geht.","publisher":{"@id":"https:\/\/autokanaan.de\/#organization"},"alternateName":"Autohaus Kanaan","potentialAction":[{"@type":"SearchAction","target":{"@type":"EntryPoint","urlTemplate":"https:\/\/autokanaan.de\/?s={search_term_string}"},"query-input":{"@type":"PropertyValueSpecification","valueRequired":true,"valueName":"search_term_string"}}],"inLanguage":"fr-FR"},{"@type":"Organization","@id":"https:\/\/autokanaan.de\/#organization","name":"Autohaus Kanaan","alternateName":"Autohaus Kanaan","url":"https:\/\/autokanaan.de\/","logo":{"@type":"ImageObject","inLanguage":"fr-FR","@id":"https:\/\/autokanaan.de\/#\/schema\/logo\/image\/","url":"https:\/\/autokanaan.de\/wp-content\/uploads\/2025\/11\/Quadrat-Yoast-SEO-Bild.png","contentUrl":"https:\/\/autokanaan.de\/wp-content\/uploads\/2025\/11\/Quadrat-Yoast-SEO-Bild.png","width":800,"height":800,"caption":"Autohaus Kanaan"},"image":{"@id":"https:\/\/autokanaan.de\/#\/schema\/logo\/image\/"},"sameAs":["https:\/\/www.facebook.com\/AutoKanaan\/?locale=de_DE","https:\/\/www.instagram.com\/kanaanmobileandtrucks\/"]}]}},"_links":{"self":[{"href":"https:\/\/autokanaan.de\/fr\/wp-json\/wp\/v2\/pages\/107","targetHints":{"allow":["GET"]}}],"collection":[{"href":"https:\/\/autokanaan.de\/fr\/wp-json\/wp\/v2\/pages"}],"about":[{"href":"https:\/\/autokanaan.de\/fr\/wp-json\/wp\/v2\/types\/page"}],"author":[{"embeddable":true,"href":"https:\/\/autokanaan.de\/fr\/wp-json\/wp\/v2\/users\/1"}],"replies":[{"embeddable":true,"href":"https:\/\/autokanaan.de\/fr\/wp-json\/wp\/v2\/comments?post=107"}],"version-history":[{"count":19,"href":"https:\/\/autokanaan.de\/fr\/wp-json\/wp\/v2\/pages\/107\/revisions"}],"predecessor-version":[{"id":3484,"href":"https:\/\/autokanaan.de\/fr\/wp-json\/wp\/v2\/pages\/107\/revisions\/3484"}],"wp:attachment":[{"href":"https:\/\/autokanaan.de\/fr\/wp-json\/wp\/v2\/media?parent=107"}],"curies":[{"name":"wp","href":"https:\/\/api.w.org\/{rel}","templated":true}]}}